{"id":1037,"date":"2025-10-20T22:45:44","date_gmt":"2025-10-20T20:45:44","guid":{"rendered":"https:\/\/doolearning.com\/?page_id=1037"},"modified":"2025-10-23T12:26:24","modified_gmt":"2025-10-23T10:26:24","slug":"reglement-interieur-de-lorganisme-de-formation","status":"publish","type":"page","link":"https:\/\/doolearning.com\/index.php\/reglement-interieur-de-lorganisme-de-formation\/","title":{"rendered":"R\u00e8glement int\u00e9rieur de l\u2019organisme de formation"},"content":{"rendered":"\t\t<div data-elementor-type=\"wp-page\" data-elementor-id=\"1037\" class=\"elementor elementor-1037\" data-elementor-post-type=\"page\">\n\t\t\t\t<div class=\"elementor-element elementor-element-5268d2b e-flex e-con-boxed wpr-particle-no wpr-jarallax-no wpr-parallax-no wpr-sticky-section-no e-con e-parent\" data-id=\"5268d2b\" data-element_type=\"container\">\n\t\t\t\t\t<div class=\"e-con-inner\">\n\t\t\t\t<div class=\"elementor-element elementor-element-c6df155 elementor-widget elementor-widget-heading\" data-id=\"c6df155\" data-element_type=\"widget\" data-widget_type=\"heading.default\">\n\t\t\t\t<div class=\"elementor-widget-container\">\n\t\t\t<style>\/*! elementor - v3.21.0 - 24-04-2024 *\/\n.elementor-heading-title{padding:0;margin:0;line-height:1}.elementor-widget-heading .elementor-heading-title[class*=elementor-size-]>a{color:inherit;font-size:inherit;line-height:inherit}.elementor-widget-heading .elementor-heading-title.elementor-size-small{font-size:15px}.elementor-widget-heading .elementor-heading-title.elementor-size-medium{font-size:19px}.elementor-widget-heading .elementor-heading-title.elementor-size-large{font-size:29px}.elementor-widget-heading .elementor-heading-title.elementor-size-xl{font-size:39px}.elementor-widget-heading .elementor-heading-title.elementor-size-xxl{font-size:59px}<\/style><h2 class=\"elementor-heading-title elementor-size-default\">R\u00e8glement int\u00e9rieur de l\u2019organisme de formation<\/h2>\t\t<\/div>\n\t\t\t\t<\/div>\n\t\t\t\t<div class=\"elementor-element elementor-element-a581596 elementor-widget elementor-widget-text-editor\" data-id=\"a581596\" data-element_type=\"widget\" data-widget_type=\"text-editor.default\">\n\t\t\t\t<div class=\"elementor-widget-container\">\n\t\t\t<style>\/*! elementor - v3.21.0 - 24-04-2024 *\/\n.elementor-widget-text-editor.elementor-drop-cap-view-stacked .elementor-drop-cap{background-color:#69727d;color:#fff}.elementor-widget-text-editor.elementor-drop-cap-view-framed .elementor-drop-cap{color:#69727d;border:3px solid;background-color:transparent}.elementor-widget-text-editor:not(.elementor-drop-cap-view-default) .elementor-drop-cap{margin-top:8px}.elementor-widget-text-editor:not(.elementor-drop-cap-view-default) .elementor-drop-cap-letter{width:1em;height:1em}.elementor-widget-text-editor .elementor-drop-cap{float:left;text-align:center;line-height:1;font-size:50px}.elementor-widget-text-editor .elementor-drop-cap-letter{display:inline-block}<\/style>\t\t\t\t<p><b>Organisme de formation :<\/b> DOOLEARNING<\/p><p><b>Si\u00e8ge social :<\/b> 8 bis rue Paul Bert \u2013 72400 La Fert\u00e9 Bernard<\/p><p><b>Num\u00e9ro de d\u00e9claration d\u2019activit\u00e9 :<\/b> 52720205272<\/p><p><b>Repr\u00e9sentants l\u00e9gaux :<\/b> Julie Cochini et Samuel Cochini<\/p><p><b>Date d\u2019entr\u00e9e en vigueur :<\/b> 29\/11\/2022<\/p><p><b>PR\u00c9AMBULE<\/b><\/p><p>Le pr\u00e9sent r\u00e8glement int\u00e9rieur a pour objet de pr\u00e9ciser les r\u00e8gles d\u2019hygi\u00e8ne, de s\u00e9curit\u00e9 et de discipline applicables \u00e0 l\u2019ensemble des stagiaires participant \u00e0 une action de formation organis\u00e9e par <b>Doolearning<\/b>, que celle-ci se d\u00e9roule en pr\u00e9sentiel ou \u00e0 distance.<\/p><p>Un exemplaire est remis \u00e0 chaque participant avant le d\u00e9but de la formation. L\u2019inscription \u00e0 une session vaut acceptation sans r\u00e9serve des dispositions du pr\u00e9sent r\u00e8glement.<\/p><p><b>ARTICLE 1 \u2014 OBJET ET CHAMP D\u2019APPLICATION<\/b><\/p><p>Ce r\u00e8glement s\u2019applique \u00e0 tous les participants aux actions de formation dispens\u00e9es par Doolearning, qu\u2019elles aient lieu :<\/p><ul style=\"margin-top: 0cm;\" type=\"disc\"><li>dans les locaux de Doolearning,<\/li><li>dans les locaux d\u2019une entreprise cliente,<\/li><li>dans une salle lou\u00e9e pour les besoins de la formation,<\/li><li>ou \u00e0 distance (via visioconf\u00e9rence ou plateforme de formation).<\/li><\/ul><p>Lorsque la formation se d\u00e9roule dans les locaux d\u2019une entreprise, les r\u00e8gles d\u2019hygi\u00e8ne et de s\u00e9curit\u00e9 de l\u2019entreprise s\u2019appliquent conjointement \u00e0 celles du pr\u00e9sent r\u00e8glement.<\/p><p><b>ARTICLE 2 \u2014 R\u00c8GLES D\u2019HYGI\u00c8NE ET DE S\u00c9CURIT\u00c9<\/b><\/p><p>Chaque stagiaire doit veiller \u00e0 sa s\u00e9curit\u00e9 et \u00e0 celle des autres. Il s\u2019engage \u00e0 respecter :<\/p><ul style=\"margin-top: 0cm;\" type=\"disc\"><li>les consignes g\u00e9n\u00e9rales et particuli\u00e8res en mati\u00e8re d\u2019hygi\u00e8ne et de s\u00e9curit\u00e9,<\/li><li>les instructions donn\u00e9es par le formateur ou la direction,<\/li><li>les r\u00e8gles de bonne conduite dans les locaux ou en ligne.<\/li><\/ul><p>Tout incident ou accident survenu pendant la formation ou sur le trajet doit \u00eatre imm\u00e9diatement signal\u00e9 \u00e0 la direction de Doolearning.<\/p><p><b>ARTICLE 3 \u2014 CONSIGNES D\u2019INCENDIE ET DE S\u00c9CURIT\u00c9<\/b><\/p><p>Les consignes d\u2019\u00e9vacuation et les num\u00e9ros d\u2019urgence sont affich\u00e9s dans les locaux de formation.<\/p><p>En cas d\u2019alerte, chaque participant doit suivre dans le calme les instructions du formateur ou du personnel habilit\u00e9.<\/p><p>Tout stagiaire t\u00e9moin d\u2019un d\u00e9but d\u2019incendie doit alerter les secours (18 ou 112) et pr\u00e9venir imm\u00e9diatement l\u2019\u00e9quipe Doolearning.<\/p><p><b>ARTICLE 4 \u2014 INTERDICTION DE FUMER, DE VAPOTER ET D\u2019INTRODUIRE DE L\u2019ALCOOL<\/b><\/p><p>Il est formellement interdit de :<\/p><ul style=\"margin-top: 0cm;\" type=\"disc\"><li>fumer ou vapoter dans les locaux de formation ou en visioconf\u00e9rence,<\/li><li>introduire ou consommer des boissons alcoolis\u00e9es,<\/li><li>se pr\u00e9senter en \u00e9tat d\u2019ivresse ou sous l\u2019emprise de produits stup\u00e9fiants.<\/li><\/ul><p>Des boissons non alcoolis\u00e9es peuvent \u00eatre consomm\u00e9es pendant les pauses.<\/p><p><b>ARTICLE 5 \u2014 DISCIPLINE ET COMPORTEMENT<\/b><\/p><p>Les stagiaires doivent adopter un comportement professionnel et respectueux envers :<\/p><ul style=\"margin-top: 0cm;\" type=\"disc\"><li>les formateurs,<\/li><li>les autres participants,<\/li><li>et le personnel administratif.<\/li><\/ul><p>Toute attitude d\u00e9plac\u00e9e, propos discriminatoire, harc\u00e8lement moral ou sexuel fera l\u2019objet d\u2019une proc\u00e9dure disciplinaire et pourra entra\u00eener une exclusion imm\u00e9diate.<\/p><p>L\u2019usage du t\u00e9l\u00e9phone portable est tol\u00e9r\u00e9 uniquement si cela ne perturbe pas le d\u00e9roulement de la formation.<\/p><p><b>ARTICLE 6 \u2014 ASSIDUIT\u00c9 ET PONCTUALIT\u00c9<\/b><\/p><p>Les horaires de formation sont pr\u00e9cis\u00e9s dans la convocation.<\/p><p>Les stagiaires s\u2019engagent \u00e0 :<\/p><ul style=\"margin-top: 0cm;\" type=\"disc\"><li>\u00eatre pr\u00e9sents \u00e0 l\u2019heure,<\/li><li>signer les feuilles d\u2019\u00e9margement,<\/li><li>pr\u00e9venir en cas de retard ou d\u2019absence.<\/li><\/ul><p>Toute absence non justifi\u00e9e pourra \u00eatre signal\u00e9e au financeur (OPCO, employeur, P\u00f4le Emploi, etc.) et entra\u00eener des retenues sur r\u00e9mun\u00e9ration si applicable.<\/p><p><b>ARTICLE 7 \u2014 UTILISATION DU MAT\u00c9RIEL<\/b><\/p><p>Le mat\u00e9riel mis \u00e0 disposition (ordinateur, documents, supports p\u00e9dagogiques, plateforme num\u00e9rique, etc.) doit \u00eatre utilis\u00e9 exclusivement dans le cadre de la formation.<\/p><p>Tout usage personnel, copie ou diffusion non autoris\u00e9e des supports est interdite.<\/p><p>Les stagiaires sont responsables du bon \u00e9tat du mat\u00e9riel confi\u00e9.<\/p><p><b>ARTICLE 8 \u2014 SUPPORTS DE FORMATION ET DROITS D\u2019AUTEUR<\/b><\/p><p>Les supports remis ou mis \u00e0 disposition (documents, vid\u00e9os, pr\u00e9sentations, quiz, etc.) sont la propri\u00e9t\u00e9 intellectuelle de Doolearning et de ses formateurs.<\/p><p>Toute reproduction, diffusion ou utilisation \u00e0 des fins commerciales ou personnelles est strictement interdite sans autorisation \u00e9crite.<\/p><p><b>ARTICLE 9 \u2014 ACCESSIBILIT\u00c9 ET INCLUSION<\/b><\/p><p>Doolearning s\u2019engage \u00e0 rendre ses formations accessibles \u00e0 tous.<\/p><p>Les besoins sp\u00e9cifiques li\u00e9s \u00e0 une situation de handicap doivent \u00eatre signal\u00e9s en amont de la formation pour permettre la mise en place d\u2019adaptations appropri\u00e9es.<\/p><p><b>R\u00e9f\u00e9rent accessibilit\u00e9 :<\/b> Samuel Cochini<\/p><p><b>ARTICLE 10 \u2014 POLITIQUE DE RESPECT ET D\u2019\u00c9THIQUE<\/b><\/p><p>Chaque stagiaire s\u2019engage \u00e0 respecter les valeurs de Doolearning :<\/p><ul style=\"margin-top: 0cm;\" type=\"disc\"><li><b>Respect<\/b> des diff\u00e9rences et de la diversit\u00e9,<\/li><li><b>Bienveillance<\/b> dans les \u00e9changes,<\/li><li><b>Engagement<\/b> dans la dynamique de groupe,<\/li><li><b>Professionnalisme<\/b> dans la participation aux activit\u00e9s.<\/li><\/ul><p>Le harc\u00e8lement, le plagiat, la tricherie ou toute atteinte \u00e0<br \/>l\u2019int\u00e9grit\u00e9 acad\u00e9mique ou humaine sont strictement prohib\u00e9s.<\/p><p><b>ARTICLE 11 \u2014 MESURES DISCIPLINAIRES<\/b><\/p><p>Tout manquement au pr\u00e9sent r\u00e8glement peut donner lieu \u00e0 :<\/p><ol style=\"margin-top: 0cm;\" start=\"1\" type=\"1\"><li>un <b>rappel \u00e0 l\u2019ordre<\/b>,<\/li><li>un <b>avertissement \u00e9crit<\/b>,<\/li><li>une <b>exclusion temporaire ou d\u00e9finitive<\/b> de la formation.<\/li><\/ol><p>Avant toute sanction, le stagiaire sera inform\u00e9 des faits qui lui sont reproch\u00e9s et pourra pr\u00e9senter ses observations.<\/p><p>Les amendes ou sanctions financi\u00e8res sont interdites.<\/p><p><b>ARTICLE 12 \u2014 RESPONSABILIT\u00c9 ET ASSURANCE<\/b><\/p><p>Doolearning d\u00e9cline toute responsabilit\u00e9 en cas de perte, vol ou d\u00e9t\u00e9rioration d\u2019objets personnels appartenant aux stagiaires.<\/p><p>Chaque participant doit \u00eatre couvert par une assurance responsabilit\u00e9 civile.<\/p><p><b>ARTICLE 13 \u2014 R\u00c9CLAMATIONS ET M\u00c9DIATION<\/b><\/p><p>Toute r\u00e9clamation peut \u00eatre adress\u00e9e \u00e0 :<\/p><p><b><a href=\"mailto:contact@doolearning.fr\">contact@doolearning.fr<\/a><\/b><\/p><p>Un premier contact t\u00e9l\u00e9phonique est effectu\u00e9 sous 48h, suivi d\u2019une r\u00e9ponse \u00e9crite formalis\u00e9e.<\/p><p>En cas de d\u00e9saccord persistant, le stagiaire peut saisir le <b>m\u00e9diateur de la formation professionnelle<\/b>.<\/p><p><b>ARTICLE 14 \u2014 ENTR\u00c9E EN VIGUEUR<\/b><\/p><p>Le pr\u00e9sent r\u00e8glement int\u00e9rieur entre en application \u00e0 compter du 29 novembre 2022.<\/p><p>Il est communiqu\u00e9 \u00e0 chaque stagiaire et consultable sur le site internet de Doolearning.<\/p><p>Sa lecture et son acceptation sont obligatoires avant le d\u00e9but de toute formation.<\/p><p><b>\u00a0<\/b><\/p><p><b>Doolearning SARL<\/b><\/p><p><b>8 bis rue Paul Bert \u2013 72400 La Fert\u00e9 Bernard<\/b><\/p><p><b>T\u00e9l.\u00a0: 06 32 68 48 74<\/b><\/p><p><b>RCS Le Mans \u2013 SIREN 921\u00a0773 065<\/b><\/p>\t\t\t\t\t\t<\/div>\n\t\t\t\t<\/div>\n\t\t\t\t\t<\/div>\n\t\t\t\t<\/div>\n\t\t<div class=\"elementor-element elementor-element-e979b64 e-flex e-con-boxed wpr-particle-no wpr-jarallax-no wpr-parallax-no wpr-sticky-section-no e-con e-parent\" data-id=\"e979b64\" data-element_type=\"container\" data-settings=\"{&quot;background_background&quot;:&quot;classic&quot;}\">\n\t\t\t\t\t<div class=\"e-con-inner\">\n\t\t\t\t<div class=\"elementor-element elementor-element-7b27ef7 elementor-widget elementor-widget-heading\" data-id=\"7b27ef7\" data-element_type=\"widget\" data-widget_type=\"heading.default\">\n\t\t\t\t<div class=\"elementor-widget-container\">\n\t\t\t<h2 class=\"elementor-heading-title elementor-size-default\">Rejoignez nos formations<\/h2>\t\t<\/div>\n\t\t\t\t<\/div>\n\t\t<div class=\"elementor-element elementor-element-fe5d14d e-grid e-con-boxed wpr-particle-no wpr-jarallax-no wpr-parallax-no wpr-sticky-section-no e-con e-child\" data-id=\"fe5d14d\" data-element_type=\"container\">\n\t\t\t\t\t<div class=\"e-con-inner\">\n\t\t<div class=\"elementor-element elementor-element-c406ce8 e-flex e-con-boxed wpr-particle-no wpr-jarallax-no wpr-parallax-no wpr-sticky-section-no e-con e-child\" data-id=\"c406ce8\" data-element_type=\"container\">\n\t\t\t\t\t<div class=\"e-con-inner\">\n\t\t\t\t<div class=\"elementor-element elementor-element-0d67bc6 elementor-align-center elementor-widget elementor-widget-button\" data-id=\"0d67bc6\" data-element_type=\"widget\" data-widget_type=\"button.default\">\n\t\t\t\t<div class=\"elementor-widget-container\">\n\t\t\t\t\t<div class=\"elementor-button-wrapper\">\n\t\t\t<a class=\"elementor-button elementor-button-link elementor-size-sm\" href=\"https:\/\/doolearning.com\/index.php\/nous-contacter\/\">\n\t\t\t\t\t\t<span class=\"elementor-button-content-wrapper\">\n\t\t\t\t\t\t\t\t\t<span class=\"elementor-button-text\">Contactez nos \u00e9quipes<\/span>\n\t\t\t\t\t<\/span>\n\t\t\t\t\t<\/a>\n\t\t<\/div>\n\t\t\t\t<\/div>\n\t\t\t\t<\/div>\n\t\t\t\t\t<\/div>\n\t\t\t\t<\/div>\n\t\t\t\t\t<\/div>\n\t\t\t\t<\/div>\n\t\t\t\t\t<\/div>\n\t\t\t\t<\/div>\n\t\t\t\t<\/div>\n\t\t","protected":false},"excerpt":{"rendered":"<p>R\u00e8glement int\u00e9rieur de l\u2019organisme de formation Organisme de formation : DOOLEARNING Si\u00e8ge social : 8 bis rue Paul Bert \u2013 72400 La Fert\u00e9 Bernard Num\u00e9ro de d\u00e9claration d\u2019activit\u00e9 : 52720205272 Repr\u00e9sentants l\u00e9gaux : Julie Cochini et Samuel Cochini Date d\u2019entr\u00e9e en vigueur : 29\/11\/2022 PR\u00c9AMBULE Le pr\u00e9sent r\u00e8glement int\u00e9rieur a pour objet de pr\u00e9ciser les [&hellip;]<\/p>\n","protected":false},"author":1,"featured_media":0,"parent":0,"menu_order":0,"comment_status":"closed","ping_status":"closed","template":"","meta":{"footnotes":""},"class_list":["post-1037","page","type-page","status-publish","hentry"],"yoast_head":"<!-- This site is optimized with the Yoast SEO plugin v22.5 - https:\/\/yoast.com\/wordpress\/plugins\/seo\/ -->\n<title>R\u00e8glement int\u00e9rieur de l\u2019organisme de formation - Doolearning<\/title>\n<meta name=\"robots\" content=\"index, follow, max-snippet:-1, max-image-preview:large, max-video-preview:-1\" \/>\n<link rel=\"canonical\" href=\"https:\/\/doolearning.com\/index.php\/reglement-interieur-de-lorganisme-de-formation\/\" \/>\n<meta property=\"og:locale\" content=\"fr_FR\" \/>\n<meta property=\"og:type\" content=\"article\" \/>\n<meta property=\"og:title\" content=\"R\u00e8glement int\u00e9rieur de l\u2019organisme de formation - Doolearning\" \/>\n<meta property=\"og:description\" content=\"R\u00e8glement int\u00e9rieur de l\u2019organisme de formation Organisme de formation : DOOLEARNING Si\u00e8ge social : 8 bis rue Paul Bert \u2013 72400 La Fert\u00e9 Bernard Num\u00e9ro de d\u00e9claration d\u2019activit\u00e9 : 52720205272 Repr\u00e9sentants l\u00e9gaux : Julie Cochini et Samuel Cochini Date d\u2019entr\u00e9e en vigueur : 29\/11\/2022 PR\u00c9AMBULE Le pr\u00e9sent r\u00e8glement int\u00e9rieur a pour objet de pr\u00e9ciser les [&hellip;]\" \/>\n<meta property=\"og:url\" content=\"https:\/\/doolearning.com\/index.php\/reglement-interieur-de-lorganisme-de-formation\/\" \/>\n<meta property=\"og:site_name\" content=\"Doolearning\" \/>\n<meta property=\"article:modified_time\" content=\"2025-10-23T10:26:24+00:00\" \/>\n<meta name=\"twitter:card\" content=\"summary_large_image\" \/>\n<meta name=\"twitter:label1\" content=\"Dur\u00e9e de lecture estim\u00e9e\" \/>\n\t<meta name=\"twitter:data1\" content=\"5 minutes\" \/>\n<script type=\"application\/ld+json\" class=\"yoast-schema-graph\">{\"@context\":\"https:\/\/schema.org\",\"@graph\":[{\"@type\":\"WebPage\",\"@id\":\"https:\/\/doolearning.com\/index.php\/reglement-interieur-de-lorganisme-de-formation\/\",\"url\":\"https:\/\/doolearning.com\/index.php\/reglement-interieur-de-lorganisme-de-formation\/\",\"name\":\"R\u00e8glement int\u00e9rieur de l\u2019organisme de formation - Doolearning\",\"isPartOf\":{\"@id\":\"https:\/\/doolearning.com\/#website\"},\"datePublished\":\"2025-10-20T20:45:44+00:00\",\"dateModified\":\"2025-10-23T10:26:24+00:00\",\"breadcrumb\":{\"@id\":\"https:\/\/doolearning.com\/index.php\/reglement-interieur-de-lorganisme-de-formation\/#breadcrumb\"},\"inLanguage\":\"fr-FR\",\"potentialAction\":[{\"@type\":\"ReadAction\",\"target\":[\"https:\/\/doolearning.com\/index.php\/reglement-interieur-de-lorganisme-de-formation\/\"]}]},{\"@type\":\"BreadcrumbList\",\"@id\":\"https:\/\/doolearning.com\/index.php\/reglement-interieur-de-lorganisme-de-formation\/#breadcrumb\",\"itemListElement\":[{\"@type\":\"ListItem\",\"position\":1,\"name\":\"Accueil\",\"item\":\"https:\/\/doolearning.com\/\"},{\"@type\":\"ListItem\",\"position\":2,\"name\":\"R\u00e8glement int\u00e9rieur de l\u2019organisme de formation\"}]},{\"@type\":\"WebSite\",\"@id\":\"https:\/\/doolearning.com\/#website\",\"url\":\"https:\/\/doolearning.com\/\",\"name\":\"Doolearning\",\"description\":\"La formation pour des professionnels par des pro\",\"publisher\":{\"@id\":\"https:\/\/doolearning.com\/#organization\"},\"potentialAction\":[{\"@type\":\"SearchAction\",\"target\":{\"@type\":\"EntryPoint\",\"urlTemplate\":\"https:\/\/doolearning.com\/?s={search_term_string}\"},\"query-input\":\"required name=search_term_string\"}],\"inLanguage\":\"fr-FR\"},{\"@type\":\"Organization\",\"@id\":\"https:\/\/doolearning.com\/#organization\",\"name\":\"Doolearning\",\"url\":\"https:\/\/doolearning.com\/\",\"logo\":{\"@type\":\"ImageObject\",\"inLanguage\":\"fr-FR\",\"@id\":\"https:\/\/doolearning.com\/#\/schema\/logo\/image\/\",\"url\":\"https:\/\/doolearning.com\/wp-content\/uploads\/2024\/04\/cropped-Logo-1.png\",\"contentUrl\":\"https:\/\/doolearning.com\/wp-content\/uploads\/2024\/04\/cropped-Logo-1.png\",\"width\":6000,\"height\":1500,\"caption\":\"Doolearning\"},\"image\":{\"@id\":\"https:\/\/doolearning.com\/#\/schema\/logo\/image\/\"},\"sameAs\":[\"https:\/\/www.linkedin.com\/in\/julie-cochini-825b67220\/\"]}]}<\/script>\n<!-- \/ Yoast SEO plugin. -->","yoast_head_json":{"title":"R\u00e8glement int\u00e9rieur de l\u2019organisme de formation - Doolearning","robots":{"index":"index","follow":"follow","max-snippet":"max-snippet:-1","max-image-preview":"max-image-preview:large","max-video-preview":"max-video-preview:-1"},"canonical":"https:\/\/doolearning.com\/index.php\/reglement-interieur-de-lorganisme-de-formation\/","og_locale":"fr_FR","og_type":"article","og_title":"R\u00e8glement int\u00e9rieur de l\u2019organisme de formation - Doolearning","og_description":"R\u00e8glement int\u00e9rieur de l\u2019organisme de formation Organisme de formation : DOOLEARNING Si\u00e8ge social : 8 bis rue Paul Bert \u2013 72400 La Fert\u00e9 Bernard Num\u00e9ro de d\u00e9claration d\u2019activit\u00e9 : 52720205272 Repr\u00e9sentants l\u00e9gaux : Julie Cochini et Samuel Cochini Date d\u2019entr\u00e9e en vigueur : 29\/11\/2022 PR\u00c9AMBULE Le pr\u00e9sent r\u00e8glement int\u00e9rieur a pour objet de pr\u00e9ciser les [&hellip;]","og_url":"https:\/\/doolearning.com\/index.php\/reglement-interieur-de-lorganisme-de-formation\/","og_site_name":"Doolearning","article_modified_time":"2025-10-23T10:26:24+00:00","twitter_card":"summary_large_image","twitter_misc":{"Dur\u00e9e de lecture estim\u00e9e":"5 minutes"},"schema":{"@context":"https:\/\/schema.org","@graph":[{"@type":"WebPage","@id":"https:\/\/doolearning.com\/index.php\/reglement-interieur-de-lorganisme-de-formation\/","url":"https:\/\/doolearning.com\/index.php\/reglement-interieur-de-lorganisme-de-formation\/","name":"R\u00e8glement int\u00e9rieur de l\u2019organisme de formation - Doolearning","isPartOf":{"@id":"https:\/\/doolearning.com\/#website"},"datePublished":"2025-10-20T20:45:44+00:00","dateModified":"2025-10-23T10:26:24+00:00","breadcrumb":{"@id":"https:\/\/doolearning.com\/index.php\/reglement-interieur-de-lorganisme-de-formation\/#breadcrumb"},"inLanguage":"fr-FR","potentialAction":[{"@type":"ReadAction","target":["https:\/\/doolearning.com\/index.php\/reglement-interieur-de-lorganisme-de-formation\/"]}]},{"@type":"BreadcrumbList","@id":"https:\/\/doolearning.com\/index.php\/reglement-interieur-de-lorganisme-de-formation\/#breadcrumb","itemListElement":[{"@type":"ListItem","position":1,"name":"Accueil","item":"https:\/\/doolearning.com\/"},{"@type":"ListItem","position":2,"name":"R\u00e8glement int\u00e9rieur de l\u2019organisme de formation"}]},{"@type":"WebSite","@id":"https:\/\/doolearning.com\/#website","url":"https:\/\/doolearning.com\/","name":"Doolearning","description":"La formation pour des professionnels par des pro","publisher":{"@id":"https:\/\/doolearning.com\/#organization"},"potentialAction":[{"@type":"SearchAction","target":{"@type":"EntryPoint","urlTemplate":"https:\/\/doolearning.com\/?s={search_term_string}"},"query-input":"required name=search_term_string"}],"inLanguage":"fr-FR"},{"@type":"Organization","@id":"https:\/\/doolearning.com\/#organization","name":"Doolearning","url":"https:\/\/doolearning.com\/","logo":{"@type":"ImageObject","inLanguage":"fr-FR","@id":"https:\/\/doolearning.com\/#\/schema\/logo\/image\/","url":"https:\/\/doolearning.com\/wp-content\/uploads\/2024\/04\/cropped-Logo-1.png","contentUrl":"https:\/\/doolearning.com\/wp-content\/uploads\/2024\/04\/cropped-Logo-1.png","width":6000,"height":1500,"caption":"Doolearning"},"image":{"@id":"https:\/\/doolearning.com\/#\/schema\/logo\/image\/"},"sameAs":["https:\/\/www.linkedin.com\/in\/julie-cochini-825b67220\/"]}]}},"_links":{"self":[{"href":"https:\/\/doolearning.com\/index.php\/wp-json\/wp\/v2\/pages\/1037","targetHints":{"allow":["GET"]}}],"collection":[{"href":"https:\/\/doolearning.com\/index.php\/wp-json\/wp\/v2\/pages"}],"about":[{"href":"https:\/\/doolearning.com\/index.php\/wp-json\/wp\/v2\/types\/page"}],"author":[{"embeddable":true,"href":"https:\/\/doolearning.com\/index.php\/wp-json\/wp\/v2\/users\/1"}],"replies":[{"embeddable":true,"href":"https:\/\/doolearning.com\/index.php\/wp-json\/wp\/v2\/comments?post=1037"}],"version-history":[{"count":11,"href":"https:\/\/doolearning.com\/index.php\/wp-json\/wp\/v2\/pages\/1037\/revisions"}],"predecessor-version":[{"id":1122,"href":"https:\/\/doolearning.com\/index.php\/wp-json\/wp\/v2\/pages\/1037\/revisions\/1122"}],"wp:attachment":[{"href":"https:\/\/doolearning.com\/index.php\/wp-json\/wp\/v2\/media?parent=1037"}],"curies":[{"name":"wp","href":"https:\/\/api.w.org\/{rel}","templated":true}]}}