{"id":1063,"date":"2025-10-21T14:36:47","date_gmt":"2025-10-21T12:36:47","guid":{"rendered":"https:\/\/doolearning.com\/?page_id=1063"},"modified":"2025-11-26T16:53:35","modified_gmt":"2025-11-26T15:53:35","slug":"mentions-legales","status":"publish","type":"page","link":"https:\/\/doolearning.com\/index.php\/mentions-legales\/","title":{"rendered":"Mentions L\u00e9gales"},"content":{"rendered":"\t\t<div data-elementor-type=\"wp-page\" data-elementor-id=\"1063\" class=\"elementor elementor-1063\" data-elementor-post-type=\"page\">\n\t\t\t\t<div class=\"elementor-element elementor-element-5268d2b e-flex e-con-boxed wpr-particle-no wpr-jarallax-no wpr-parallax-no wpr-sticky-section-no e-con e-parent\" data-id=\"5268d2b\" data-element_type=\"container\">\n\t\t\t\t\t<div class=\"e-con-inner\">\n\t\t\t\t<div class=\"elementor-element elementor-element-c6df155 elementor-widget elementor-widget-heading\" data-id=\"c6df155\" data-element_type=\"widget\" data-widget_type=\"heading.default\">\n\t\t\t\t<div class=\"elementor-widget-container\">\n\t\t\t<style>\/*! elementor - v3.21.0 - 24-04-2024 *\/\n.elementor-heading-title{padding:0;margin:0;line-height:1}.elementor-widget-heading .elementor-heading-title[class*=elementor-size-]>a{color:inherit;font-size:inherit;line-height:inherit}.elementor-widget-heading .elementor-heading-title.elementor-size-small{font-size:15px}.elementor-widget-heading .elementor-heading-title.elementor-size-medium{font-size:19px}.elementor-widget-heading .elementor-heading-title.elementor-size-large{font-size:29px}.elementor-widget-heading .elementor-heading-title.elementor-size-xl{font-size:39px}.elementor-widget-heading .elementor-heading-title.elementor-size-xxl{font-size:59px}<\/style><h2 class=\"elementor-heading-title elementor-size-default\">Mentions L\u00e9gales\n\n<\/h2>\t\t<\/div>\n\t\t\t\t<\/div>\n\t\t\t\t<div class=\"elementor-element elementor-element-a581596 elementor-widget elementor-widget-text-editor\" data-id=\"a581596\" data-element_type=\"widget\" data-widget_type=\"text-editor.default\">\n\t\t\t\t<div class=\"elementor-widget-container\">\n\t\t\t<style>\/*! elementor - v3.21.0 - 24-04-2024 *\/\n.elementor-widget-text-editor.elementor-drop-cap-view-stacked .elementor-drop-cap{background-color:#69727d;color:#fff}.elementor-widget-text-editor.elementor-drop-cap-view-framed .elementor-drop-cap{color:#69727d;border:3px solid;background-color:transparent}.elementor-widget-text-editor:not(.elementor-drop-cap-view-default) .elementor-drop-cap{margin-top:8px}.elementor-widget-text-editor:not(.elementor-drop-cap-view-default) .elementor-drop-cap-letter{width:1em;height:1em}.elementor-widget-text-editor .elementor-drop-cap{float:left;text-align:center;line-height:1;font-size:50px}.elementor-widget-text-editor .elementor-drop-cap-letter{display:inline-block}<\/style>\t\t\t\t<p>\u00c9diteur du site\u00a0: Doolearning<\/p><p>Raison sociale\u00a0: Doolearning<\/p><p>Forme juridique\u00a0: SARL<\/p><p>Capital social\u00a0: 10\u00a0000 \u20ac<\/p><p>SIRET\u00a0: 921\u00a0773\u00a0065<\/p><p>RCS Le Mans<\/p><p>Num\u00e9ro TVA intracommunautaire\u00a0: FR42921773065<\/p><p>Directeur de la publication\u00a0: Julie Cochini<\/p><p>H\u00e9bergeur du site : OVH SAS &#8211; 2 rue Kellermann &#8211; 59100 Roubaix &#8211; France<\/p><p>Le site www.doolearning.com est \u00e9dit\u00e9 par Doolearning.<\/p><p>Conform\u00e9ment \u00e0 la l\u00e9gislation en vigueur, les informations ci-dessus sont fournies afin d\u2019assurer la transparence de l\u2019activit\u00e9 d\u2019\u00e9dition de ce site.<\/p><p>Pour toute question relative \u00e0 ce site, vous pouvez contacter l\u2019\u00e9diteur par email : contact@doolearning.com<\/p>\t\t\t\t\t\t<\/div>\n\t\t\t\t<\/div>\n\t\t\t\t\t<\/div>\n\t\t\t\t<\/div>\n\t\t<div class=\"elementor-element elementor-element-e979b64 e-flex e-con-boxed wpr-particle-no wpr-jarallax-no wpr-parallax-no wpr-sticky-section-no e-con e-parent\" data-id=\"e979b64\" data-element_type=\"container\" data-settings=\"{&quot;background_background&quot;:&quot;classic&quot;}\">\n\t\t\t\t\t<div class=\"e-con-inner\">\n\t\t\t\t<div class=\"elementor-element elementor-element-7b27ef7 elementor-widget elementor-widget-heading\" data-id=\"7b27ef7\" data-element_type=\"widget\" data-widget_type=\"heading.default\">\n\t\t\t\t<div class=\"elementor-widget-container\">\n\t\t\t<h2 class=\"elementor-heading-title elementor-size-default\">Rejoignez nos formations<\/h2>\t\t<\/div>\n\t\t\t\t<\/div>\n\t\t<div class=\"elementor-element elementor-element-fe5d14d e-grid e-con-boxed wpr-particle-no wpr-jarallax-no wpr-parallax-no wpr-sticky-section-no e-con e-child\" data-id=\"fe5d14d\" data-element_type=\"container\">\n\t\t\t\t\t<div class=\"e-con-inner\">\n\t\t<div class=\"elementor-element elementor-element-c406ce8 e-flex e-con-boxed wpr-particle-no wpr-jarallax-no wpr-parallax-no wpr-sticky-section-no e-con e-child\" data-id=\"c406ce8\" data-element_type=\"container\">\n\t\t\t\t\t<div class=\"e-con-inner\">\n\t\t\t\t<div class=\"elementor-element elementor-element-0d67bc6 elementor-align-center elementor-widget elementor-widget-button\" data-id=\"0d67bc6\" data-element_type=\"widget\" data-widget_type=\"button.default\">\n\t\t\t\t<div class=\"elementor-widget-container\">\n\t\t\t\t\t<div class=\"elementor-button-wrapper\">\n\t\t\t<a class=\"elementor-button elementor-button-link elementor-size-sm\" href=\"https:\/\/doolearning.com\/index.php\/nous-contacter\/\">\n\t\t\t\t\t\t<span class=\"elementor-button-content-wrapper\">\n\t\t\t\t\t\t\t\t\t<span class=\"elementor-button-text\">Contactez nos \u00e9quipes<\/span>\n\t\t\t\t\t<\/span>\n\t\t\t\t\t<\/a>\n\t\t<\/div>\n\t\t\t\t<\/div>\n\t\t\t\t<\/div>\n\t\t\t\t\t<\/div>\n\t\t\t\t<\/div>\n\t\t\t\t\t<\/div>\n\t\t\t\t<\/div>\n\t\t\t\t\t<\/div>\n\t\t\t\t<\/div>\n\t\t\t\t<\/div>\n\t\t","protected":false},"excerpt":{"rendered":"<p>Mentions L\u00e9gales \u00c9diteur du site\u00a0: Doolearning Raison sociale\u00a0: Doolearning Forme juridique\u00a0: SARL Capital social\u00a0: 10\u00a0000 \u20ac SIRET\u00a0: 921\u00a0773\u00a0065 RCS Le Mans Num\u00e9ro TVA intracommunautaire\u00a0: FR42921773065 Directeur de la publication\u00a0: Julie Cochini H\u00e9bergeur du site : OVH SAS &#8211; 2 rue Kellermann &#8211; 59100 Roubaix &#8211; France Le site www.doolearning.com est \u00e9dit\u00e9 par Doolearning. Conform\u00e9ment \u00e0 [&hellip;]<\/p>\n","protected":false},"author":1,"featured_media":0,"parent":0,"menu_order":0,"comment_status":"closed","ping_status":"closed","template":"","meta":{"footnotes":""},"class_list":["post-1063","page","type-page","status-publish","hentry"],"yoast_head":"<!-- This site is optimized with the Yoast SEO plugin v22.5 - https:\/\/yoast.com\/wordpress\/plugins\/seo\/ -->\n<title>Mentions L\u00e9gales - Doolearning<\/title>\n<meta name=\"robots\" content=\"index, follow, max-snippet:-1, max-image-preview:large, max-video-preview:-1\" \/>\n<link rel=\"canonical\" href=\"https:\/\/doolearning.com\/index.php\/mentions-legales\/\" \/>\n<meta property=\"og:locale\" content=\"fr_FR\" \/>\n<meta property=\"og:type\" content=\"article\" \/>\n<meta property=\"og:title\" content=\"Mentions L\u00e9gales - Doolearning\" \/>\n<meta property=\"og:description\" content=\"Mentions L\u00e9gales \u00c9diteur du site\u00a0: Doolearning Raison sociale\u00a0: Doolearning Forme juridique\u00a0: SARL Capital social\u00a0: 10\u00a0000 \u20ac SIRET\u00a0: 921\u00a0773\u00a0065 RCS Le Mans Num\u00e9ro TVA intracommunautaire\u00a0: FR42921773065 Directeur de la publication\u00a0: Julie Cochini H\u00e9bergeur du site : OVH SAS &#8211; 2 rue Kellermann &#8211; 59100 Roubaix &#8211; France Le site www.doolearning.com est \u00e9dit\u00e9 par Doolearning. Conform\u00e9ment \u00e0 [&hellip;]\" \/>\n<meta property=\"og:url\" content=\"https:\/\/doolearning.com\/index.php\/mentions-legales\/\" \/>\n<meta property=\"og:site_name\" content=\"Doolearning\" \/>\n<meta property=\"article:modified_time\" content=\"2025-11-26T15:53:35+00:00\" \/>\n<meta name=\"twitter:card\" content=\"summary_large_image\" \/>\n<meta name=\"twitter:label1\" content=\"Dur\u00e9e de lecture estim\u00e9e\" \/>\n\t<meta name=\"twitter:data1\" content=\"1 minute\" \/>\n<script type=\"application\/ld+json\" class=\"yoast-schema-graph\">{\"@context\":\"https:\/\/schema.org\",\"@graph\":[{\"@type\":\"WebPage\",\"@id\":\"https:\/\/doolearning.com\/index.php\/mentions-legales\/\",\"url\":\"https:\/\/doolearning.com\/index.php\/mentions-legales\/\",\"name\":\"Mentions L\u00e9gales - Doolearning\",\"isPartOf\":{\"@id\":\"https:\/\/doolearning.com\/#website\"},\"datePublished\":\"2025-10-21T12:36:47+00:00\",\"dateModified\":\"2025-11-26T15:53:35+00:00\",\"breadcrumb\":{\"@id\":\"https:\/\/doolearning.com\/index.php\/mentions-legales\/#breadcrumb\"},\"inLanguage\":\"fr-FR\",\"potentialAction\":[{\"@type\":\"ReadAction\",\"target\":[\"https:\/\/doolearning.com\/index.php\/mentions-legales\/\"]}]},{\"@type\":\"BreadcrumbList\",\"@id\":\"https:\/\/doolearning.com\/index.php\/mentions-legales\/#breadcrumb\",\"itemListElement\":[{\"@type\":\"ListItem\",\"position\":1,\"name\":\"Accueil\",\"item\":\"https:\/\/doolearning.com\/\"},{\"@type\":\"ListItem\",\"position\":2,\"name\":\"Mentions L\u00e9gales\"}]},{\"@type\":\"WebSite\",\"@id\":\"https:\/\/doolearning.com\/#website\",\"url\":\"https:\/\/doolearning.com\/\",\"name\":\"Doolearning\",\"description\":\"La formation pour des professionnels par des pro\",\"publisher\":{\"@id\":\"https:\/\/doolearning.com\/#organization\"},\"potentialAction\":[{\"@type\":\"SearchAction\",\"target\":{\"@type\":\"EntryPoint\",\"urlTemplate\":\"https:\/\/doolearning.com\/?s={search_term_string}\"},\"query-input\":\"required name=search_term_string\"}],\"inLanguage\":\"fr-FR\"},{\"@type\":\"Organization\",\"@id\":\"https:\/\/doolearning.com\/#organization\",\"name\":\"Doolearning\",\"url\":\"https:\/\/doolearning.com\/\",\"logo\":{\"@type\":\"ImageObject\",\"inLanguage\":\"fr-FR\",\"@id\":\"https:\/\/doolearning.com\/#\/schema\/logo\/image\/\",\"url\":\"https:\/\/doolearning.com\/wp-content\/uploads\/2024\/04\/cropped-Logo-1.png\",\"contentUrl\":\"https:\/\/doolearning.com\/wp-content\/uploads\/2024\/04\/cropped-Logo-1.png\",\"width\":6000,\"height\":1500,\"caption\":\"Doolearning\"},\"image\":{\"@id\":\"https:\/\/doolearning.com\/#\/schema\/logo\/image\/\"},\"sameAs\":[\"https:\/\/www.linkedin.com\/in\/julie-cochini-825b67220\/\"]}]}<\/script>\n<!-- \/ Yoast SEO plugin. -->","yoast_head_json":{"title":"Mentions L\u00e9gales - Doolearning","robots":{"index":"index","follow":"follow","max-snippet":"max-snippet:-1","max-image-preview":"max-image-preview:large","max-video-preview":"max-video-preview:-1"},"canonical":"https:\/\/doolearning.com\/index.php\/mentions-legales\/","og_locale":"fr_FR","og_type":"article","og_title":"Mentions L\u00e9gales - Doolearning","og_description":"Mentions L\u00e9gales \u00c9diteur du site\u00a0: Doolearning Raison sociale\u00a0: Doolearning Forme juridique\u00a0: SARL Capital social\u00a0: 10\u00a0000 \u20ac SIRET\u00a0: 921\u00a0773\u00a0065 RCS Le Mans Num\u00e9ro TVA intracommunautaire\u00a0: FR42921773065 Directeur de la publication\u00a0: Julie Cochini H\u00e9bergeur du site : OVH SAS &#8211; 2 rue Kellermann &#8211; 59100 Roubaix &#8211; France Le site www.doolearning.com est \u00e9dit\u00e9 par Doolearning. Conform\u00e9ment \u00e0 [&hellip;]","og_url":"https:\/\/doolearning.com\/index.php\/mentions-legales\/","og_site_name":"Doolearning","article_modified_time":"2025-11-26T15:53:35+00:00","twitter_card":"summary_large_image","twitter_misc":{"Dur\u00e9e de lecture estim\u00e9e":"1 minute"},"schema":{"@context":"https:\/\/schema.org","@graph":[{"@type":"WebPage","@id":"https:\/\/doolearning.com\/index.php\/mentions-legales\/","url":"https:\/\/doolearning.com\/index.php\/mentions-legales\/","name":"Mentions L\u00e9gales - Doolearning","isPartOf":{"@id":"https:\/\/doolearning.com\/#website"},"datePublished":"2025-10-21T12:36:47+00:00","dateModified":"2025-11-26T15:53:35+00:00","breadcrumb":{"@id":"https:\/\/doolearning.com\/index.php\/mentions-legales\/#breadcrumb"},"inLanguage":"fr-FR","potentialAction":[{"@type":"ReadAction","target":["https:\/\/doolearning.com\/index.php\/mentions-legales\/"]}]},{"@type":"BreadcrumbList","@id":"https:\/\/doolearning.com\/index.php\/mentions-legales\/#breadcrumb","itemListElement":[{"@type":"ListItem","position":1,"name":"Accueil","item":"https:\/\/doolearning.com\/"},{"@type":"ListItem","position":2,"name":"Mentions L\u00e9gales"}]},{"@type":"WebSite","@id":"https:\/\/doolearning.com\/#website","url":"https:\/\/doolearning.com\/","name":"Doolearning","description":"La formation pour des professionnels par des pro","publisher":{"@id":"https:\/\/doolearning.com\/#organization"},"potentialAction":[{"@type":"SearchAction","target":{"@type":"EntryPoint","urlTemplate":"https:\/\/doolearning.com\/?s={search_term_string}"},"query-input":"required name=search_term_string"}],"inLanguage":"fr-FR"},{"@type":"Organization","@id":"https:\/\/doolearning.com\/#organization","name":"Doolearning","url":"https:\/\/doolearning.com\/","logo":{"@type":"ImageObject","inLanguage":"fr-FR","@id":"https:\/\/doolearning.com\/#\/schema\/logo\/image\/","url":"https:\/\/doolearning.com\/wp-content\/uploads\/2024\/04\/cropped-Logo-1.png","contentUrl":"https:\/\/doolearning.com\/wp-content\/uploads\/2024\/04\/cropped-Logo-1.png","width":6000,"height":1500,"caption":"Doolearning"},"image":{"@id":"https:\/\/doolearning.com\/#\/schema\/logo\/image\/"},"sameAs":["https:\/\/www.linkedin.com\/in\/julie-cochini-825b67220\/"]}]}},"_links":{"self":[{"href":"https:\/\/doolearning.com\/index.php\/wp-json\/wp\/v2\/pages\/1063","targetHints":{"allow":["GET"]}}],"collection":[{"href":"https:\/\/doolearning.com\/index.php\/wp-json\/wp\/v2\/pages"}],"about":[{"href":"https:\/\/doolearning.com\/index.php\/wp-json\/wp\/v2\/types\/page"}],"author":[{"embeddable":true,"href":"https:\/\/doolearning.com\/index.php\/wp-json\/wp\/v2\/users\/1"}],"replies":[{"embeddable":true,"href":"https:\/\/doolearning.com\/index.php\/wp-json\/wp\/v2\/comments?post=1063"}],"version-history":[{"count":17,"href":"https:\/\/doolearning.com\/index.php\/wp-json\/wp\/v2\/pages\/1063\/revisions"}],"predecessor-version":[{"id":1233,"href":"https:\/\/doolearning.com\/index.php\/wp-json\/wp\/v2\/pages\/1063\/revisions\/1233"}],"wp:attachment":[{"href":"https:\/\/doolearning.com\/index.php\/wp-json\/wp\/v2\/media?parent=1063"}],"curies":[{"name":"wp","href":"https:\/\/api.w.org\/{rel}","templated":true}]}}